{"id":194,"date":"2018-06-12T15:03:43","date_gmt":"2018-06-12T14:03:43","guid":{"rendered":"http:\/\/scensers.org\/?page_id=194"},"modified":"2018-06-14T14:14:53","modified_gmt":"2018-06-14T13:14:53","slug":"privacy-and-disclaimer2","status":"publish","type":"page","link":"http:\/\/scensers.org\/?page_id=194","title":{"rendered":"Privacy and Disclaimer"},"content":{"rendered":"<p><strong>Disclaimer<\/strong><\/p>\n<p>Effort has been made to ensure that the information provided by this website is comprehensive, clear and useful to the reader interested in sustainable use of environmental resources, but we cannot guarantee accuracy and completeness of the information. In case you have noticed a possible error, please feel free to let us know by sending an e-mail to mail(at)scensers.org. Links to external websites are provided for information only and we do not accept responsibility for contents on external websites or any access to those websites. If a link on our website is to the website of your organisation or your own website, and you wish the link to be removed, please let us know by sending an e-mail to mail(at)scensers.org. We accept no responsibility for damages or losses claimed to arise from accessing this website or for using the information provided on this website.<\/p>\n<p>&nbsp;<\/p>\n<p><strong>Datenschutzerkl\u00e4rung\/ Statement of Data Protection<\/strong><\/p>\n<p><strong>Note in English:<\/strong> The following \u201cDatenschutzerkl\u00e4rung\u201d (statement of data protection) specifies collection and use of personal information of visitors of this website. The statement of data protection is provided in German language, with major elements summarised here following in English. Responsible for this website is Dr. Sigrid Kusch-Brandt, Hahnengasse 3, 89073 Ulm, Germany; e-mail: sigrid.kusch(at)scensers.org.<\/p>\n<p>Among others, the \u201cDatenschutzerkl\u00e4rung\u201d specifies that this website can be visited, and its contents accessed, without providing personal information. We do not use visitor tracking or analysis software such as Google Analytics. This website is built with WordPress obtained from the hosting company, and in consequence this website uses cookies pre-integrated in WordPress to facilitate full functionality of this website, which means that when you visit this website small text files might be temporarily stored on your computer to hold some personal data specific to your computer; most browsers can be configured by the user to disable cookies. We ourselves do not collect or store information of visitors visiting this website, however, the hosting company does (see next paragraph). Personal information might reach us when you send an e-mail or through other forms of communications. Received personal information is treated with care and respecting privacy of individuals. We do not distribute newsletters or similar elements and use any contact details that we might have from you only for individual communication with you.<\/p>\n<p>The website is hosted by Strato AG, Berlin, Germany. While we ourselves do not collect information of visitors visiting this website, the hosting company (Strato AG, Berlin, www.strato.de) does collect a range of information automatically, which can include personal information of visitors such as IP address, date and time of website visit, web browser version, operating system, device or device type, the previous website address from where the visitor reached this website. For such collection and use of data, the data protection regulations of the hosting company (Strato AG, Berlin, www.strato.de), to be in agreement with German\/EU data protection regulations, apply, where part of the data, such as the IP address are partially anonymised; a summary of such data collected by the hosting company is made available by the hosting company to the responsible for this website for a limited period of time (to our knowledge few weeks) according to the data management regulations of the hosting company (Strato AG, www.strato.de), on which the responsible of this website has no influence.<\/p>\n<p>&nbsp;<\/p>\n<p><strong>Datenschutzerkl\u00e4rung<\/strong><\/p>\n<ol>\n<li>Allgemeine Hinweise und \u00dcbersicht, Webseitenverantwortliche<\/li>\n<\/ol>\n<p>Diese Datenschutzerkl\u00e4rung beschreibt ob und in welcher Form Ihre personenbezogenen Daten beim Besuch dieser Webpr\u00e4senz erfasst werden und was mit diesen Daten passiert. Personenbezogene Daten sind Daten, die Ihnen als Besucher\/Besucherin dieser Webpr\u00e4senz pers\u00f6nlich zugeordnet werden k\u00f6nnten.<\/p>\n<p>Betreiberin und Verantwortliche dieser Webpr\u00e4senz ist Dr. Sigrid Kusch-Brandt, Hahnengasse 3, 89073 Ulm, Deutschland; E-mail: sigrid.kusch(at)scensers.org.<\/p>\n<p>Durch uns selbst werden personenbezogene Daten beim Besuch dieser Webpr\u00e4senz oder dem Aufrufen von bereitgestellten Inhalten nicht erfasst, jedoch werden solche Daten durch den Hoster erfasst (siehe weiter unten). Personenbezogene Daten werden durch uns gegebenenfalls dann erhoben, wenn Sie uns entsprechende Daten aktiv mitteilen, z.B. per E-Mail. Personenbezogene Daten werden von uns nur gelegentlich erfasst. Personenbezogenen Daten werden vertraulich und in Umsetzung der gesetzlichen Datenschutzvorschriften behandelt. Wir versenden keine Newsletter oder \u00c4hnliches und nutzen etwaige Kontaktdaten, falls Sie uns solche haben zukommen lassen, nur f\u00fcr individuelle Kommunikation mit Ihnen. Beim alleinigen Besuch dieser Webpr\u00e4senz oder dem Aufrufen von bereitgestellten Inhalten werden von uns selbst keine personenbezogenen Daten von Ihnen erfasst.<\/p>\n<p>Diese Webpr\u00e4senz nutzt keine Tracking- oder Analysesoftware wie Google Analytics zum Erheben oder zur Analyse von Besucherdaten. Diese Webpr\u00e4senz wurde mit WordPress erstellt, welches wir \u00fcber den Hoster erhalten haben. Diese Webpr\u00e4senz verwendet daher in WordPress vorinstallierte und voreingestellte Cookies um die Navigation auf diesen Webseiten zu erleichtern; bei Cookies handelt es sich um kleine Textdateien, die beim Besuch dieser Webpr\u00e4senz auf Ihre Festplatte tempor\u00e4r \u00fcbertragen werden k\u00f6nnen und die auch zur Erfassung von bestimmten personenbezogenen Daten f\u00fchren k\u00f6nnen, wie z.B. eingesetzter Browser, IP-Adresse und Betriebssystem Ihres Computers. Internet-Browser bieten \u00fcblicherweise die M\u00f6glichkeit, die Nutzung von Cookies abzulehnen, sodass Sie die Verwendung von Cookies \u00fcber die Einstellungen Ihres Browsers deaktivieren k\u00f6nnen. Es ist m\u00f6glich, dass einzelne Elemente dieser Webpr\u00e4senz dann nicht mehr oder nur noch eingeschr\u00e4nkt funktionieren.<\/p>\n<p>Die Webseiten liegen auf den Servern der Firma Strato AG, www.strato.de (Hoster), die sich nach Angaben der Strato AG ausschlie\u00dflich in Deutschland befinden. Die Webseiten fallen damit unter den Geltungsbereich von deutschen Sicherheitsstandards und Datenschutzregelungen. Es wird darauf hingewiesen, dass der Hoster (Strato AG, Berlin, www.strato.de) entsprechend eigenen Datenmanagementregelungen personenbezogene Daten von Besuchern\/Besucherinnen dieser Webpr\u00e4senz erfasst (siehe Abschnitt 2 dieser Datenschutzerkl\u00e4rung), worauf wir keinen Einfluss haben.<\/p>\n<p>Trotz sorgsamem Umgang mit Daten und der generellen Minimierung von Datenerfassung, wird an dieser Stelle darauf hingewiesen, dass bei der Nutzung von Internet oder elektronischen Kontaktm\u00f6glichkeiten ein vollst\u00e4ndiger Schutz nicht besteht. Elektronische Kommunikation sowie internetbasierte Daten\u00fcbertragungen k\u00f6nnen generell Sicherheitsl\u00fccken aufweisen.<\/p>\n<p>&nbsp;<\/p>\n<ol start=\"2\">\n<li>Datenerfassung beim Besuch der Webpr\u00e4senz<\/li>\n<\/ol>\n<p>Die Nutzung der Webpr\u00e4senz erfordert grunds\u00e4tzlich keine Angabe von personenbezogenen Daten. Wir benutzen keine Tracking- oder Analysesoftware wie Google Analytics zum Erheben von Besucherdaten. Da diese Webseiten mit WordPress erstellt wurden, verwendet diese Webpr\u00e4senz in WordPress vorinstallierte und voreingestellte Cookies um die Navigation auf diesen Webseiten zu erleichtern, wodurch kleine Textdateien auf den Rechnern von Besuchern\/Besucherinnen tempor\u00e4r abgelegt werden k\u00f6nnten und personenbezogene Daten an den Server dieser Webpr\u00e4senz \u00fcbertragen werden k\u00f6nnten (siehe Abschnitt 3 dieser Datenschutzerkl\u00e4rung). Von uns selbst werden keinerlei personenbezogene Daten von Ihnen als Besuchers\/der Besucherin dieser Webseiten erfasst oder gespeichert.<\/p>\n<p>Allgemeine Daten von Besuchern\/Besucherinnen dieser Webpr\u00e4senz werden jedoch durch den Hoster dieser Webseiten (Strato AG, Berlin, www.strato.de), auf dessen Server diese Webseiten liegen, erhoben, zeitweise gespeichert und statistisch ausgewertet. Es handelt sich um technisch automatisiert erfasste Daten, wie Datum und Uhrzeit des Besuchs dieser Webseiten, sowie Daten, die Ihr Browser automatisch beim Besuch der Webseiten \u00fcbermittelt, wozu auch die IP-Adresse, Daten zum eingesetzten Browser, dem genutzten Betriebssystem, sowie Informationen zu unmittelbar zuvor besuchten Webseiten geh\u00f6ren k\u00f6nnen. Erfassung und Verarbeitung entsprechender Daten erfolgt entsprechend den Datenschutzregelungen des Hosters als Internetdienstanbieter, worauf wir keinen Einfluss haben, und was im Einklang mit gesetzlichen Datenschutzregeln Deutschlands\/der EU zu erfolgen hat. Die Internetpr\u00e4senz des Hosters (Strato AG, Berlin, www.strato.de) enth\u00e4lt Angaben zum Datenschutz und zum Umgang mit personenbezogenen Daten durch den Hoster.<\/p>\n<p>Es werden vom Hoster der Betreiberin dieser Webpr\u00e4senz \u00fcber das Kundenportal der Strato AG einige der durch den Hoster erfassten und gespeicherten personenbezogenen Daten von Besuchern\/Besucherinnen dieser Webseiten als Statistikauswertungen (z.B. Anzahl Zugriffe auf die Webpr\u00e4senz\/Pageviews, Anzahl Sessions, Items-URLs, Referrer-URLs, Client Domains des\/der Seitenaufrufenden, Browser) und auch als Logfiles f\u00fcr einen begrenzten Zeitraum (wenige Wochen) zur Verf\u00fcgung gestellt, worauf wir keinen Einfluss haben. In den vom Hoster zur Verf\u00fcgung gestellten Auswertungen und Logfiles sind unter Ber\u00fccksichtigung von datenschutzrechtlichen Gr\u00fcnden der Hostname bzw. die IP-Adresse des Clients, der die Webpr\u00e4senz aufruft, anonymisiert. F\u00fcr weitere Informationen zur Art der vom Hoster erfassten Daten und zum Umgang damit wird hier auf den Hoster (Strato AG, Berlin, www.strato.de) verwiesen, wobei die Internetpr\u00e4senz des Hosters zum Umgang mit personenbezogenen Daten Auskunft gibt (siehe auch hier: https:\/\/www.strato.de\/faq\/, Suchbegriff \u201eStatistik und Logfiles\u201c oder \u00e4hnliches).<\/p>\n<p>Zur gesetzlichen Grundlage auf der durch den Hoster personenbezogene Daten erfasst werden, wird an dieser Stelle auf den Hoster (Strato AG, Berlin, www.strato.de) verwiesen.<\/p>\n<p>&nbsp;<\/p>\n<ol start=\"3\">\n<li>Cookies<\/li>\n<\/ol>\n<p>Diese Webpr\u00e4senz liegt auf Servern des Hosters Strato AG und wurde mit WordPress erstellt, welches wir \u00fcber den Hoster erhalten haben. Diese Webpr\u00e4senz verwendet daher in WordPress vorinstallierte und voreingestellte Cookies um die Navigation auf diesen Webseiten zu erleichtern. Bei Cookies handelt es sich um kleine Textdateien, die beim Besuch dieser Webpr\u00e4senz auf Ihre Festplatte tempor\u00e4r \u00fcbertragen werden k\u00f6nnen und die auch zur Erfassung von bestimmten personenbezogenen Daten f\u00fchren k\u00f6nnen, wie z.B. eingesetzter Browser, IP-Adresse und Betriebssystem Ihres Computers. Cookies k\u00f6nnen keine Programme starten, sie sind keine ausf\u00fchrbaren Programme. Anhand der in Cookies enthaltenen Informationen kann die Navigation erleichtert und die korrekte Anzeige von Webseiten erm\u00f6glicht werden.<\/p>\n<p>Internet-Browser bieten \u00fcblicherweise die M\u00f6glichkeit, die Nutzung von Cookies abzulehnen, sodass Sie die Verwendung von Cookies \u00fcber die Einstellungen Ihres Browsers deaktivieren k\u00f6nnen. Grunds\u00e4tzlich ist der Besuch dieser Webseiten auch ohne Cookies m\u00f6glich. Es ist jedoch m\u00f6glich, dass einzelne Elemente dieser Webpr\u00e4senz dann nicht mehr oder nur noch eingeschr\u00e4nkt funktionieren.<\/p>\n<p>&nbsp;<\/p>\n<ol start=\"4\">\n<li>Social Media<\/li>\n<\/ol>\n<p>ScEnSers Independent Expertise unterh\u00e4lt derzeit keine Onlinepr\u00e4senzen innerhalb von sozialen Netzwerken und Plattformen. Einzelne Mitglieder von ScEnSers Independent Expertise nutzen jedoch pers\u00f6nlich Social-Media-Kan\u00e4le wie z.B. Twitter, LinkedIn, ResearchGate, und k\u00f6nnten auch auf Inhalte von ScEnSers Independent Expertise Bezug nehmen. Wir weisen grunds\u00e4tzlich darauf hin, dass bei der Nutzung von Social-Media-Kan\u00e4len die Identit\u00e4t des Nutzers\/der Nutzerin (Besucher\/Besucherin) und teilweise die Art der Interaktion sichtbar sein k\u00f6nnen. Weiterhin weisen wir darauf hin, dass die Betreiber von Social-Media-Plattformen durchaus \u00fcblicherweise weitere personenbezogene Daten von Nutzern\/Nutzerinnen (Besuchern\/Besucherinnen) erfassen und nutzen, was den jeweiligen Datenschutzregelungen der Betreiber der Social-Media-Plattformen unterliegt.<\/p>\n<p>&nbsp;<\/p>\n<ol start=\"5\">\n<li>Falls Sie weitere Auskunft \u00fcber Ihre Daten m\u00f6chten, Hinweis auf Ihre Rechte<\/li>\n<\/ol>\n<p>Wie in dieser Datenschutzerkl\u00e4rung dargestellt, erheben wir selbst keine personengebundenen Daten, wenn Sie diese Webseiten besuchen. Personenbezogene Daten von Ihnen k\u00f6nnten eventuell gelegentlich von uns erfasst worden sein, wenn Sie uns entsprechende Daten aktiv mitgeteilt haben, z.B. per E-Mail. Um weitergehende Auskunft \u00fcber Ihre etwaigen gespeicherten personenbezogenen Daten zu erhalten, k\u00f6nnen Sie gerne mit der Webseitenbetreiberin Kontakt aufnehmen (sigrid.kusch(at)scensers.org). Auf Ihre vom Gesetzgeber allgemein einger\u00e4umten Rechte, die Berichtigung oder L\u00f6schung Ihrer Daten zu verlangen oder jederzeit Einspruch gegen eine Verarbeitung Ihrer personenbezogenen Daten zu erheben, weisen wir Sie hin, ebenso auf das im Falle datenschutzrechtlicher Verst\u00f6\u00dfe grunds\u00e4tzliche vom Gesetzgeber einger\u00e4umte Beschwerderecht bei der zust\u00e4ndigen Aufsichtsbeh\u00f6rde.<\/p>\n<p>&nbsp;<\/p>\n<ol start=\"6\">\n<li>Schlussbemerkung<\/li>\n<\/ol>\n<p>Diese Datenschutzerkl\u00e4rung wurde am 14. Juni 2018 erstellt. Sollte diese Erkl\u00e4rung in einzelnen Punkten ganz oder teilweise unwirksam oder unvollst\u00e4ndig sein, bleibt die Datenschutzerkl\u00e4rung insgesamt bestehen und die unwirksamen oder unvollst\u00e4ndigen Punkte sind der Betreiberin dieser Webpr\u00e4senz fr\u00fchzeitig zur Kenntnis zu bringen.<\/p>\n<p>&nbsp;<\/p>\n","protected":false},"excerpt":{"rendered":"<p>Disclaimer Effort has been made to ensure that the information provided by this website is comprehensive, clear and useful to the reader interested in sustainable use of environmental resources, but we cannot guarantee accuracy and completeness of the information. In case you have noticed a possible error, please feel free to let us know by &hellip; <a href=\"http:\/\/scensers.org\/?page_id=194\" class=\"more-link\">Continue reading <span class=\"screen-reader-text\">Privacy and Disclaimer<\/span><\/a><\/p>\n","protected":false},"author":1,"featured_media":0,"parent":0,"menu_order":0,"comment_status":"closed","ping_status":"closed","template":"","meta":{"footnotes":""},"_links":{"self":[{"href":"http:\/\/scensers.org\/index.php?rest_route=\/wp\/v2\/pages\/194"}],"collection":[{"href":"http:\/\/scensers.org\/index.php?rest_route=\/wp\/v2\/pages"}],"about":[{"href":"http:\/\/scensers.org\/index.php?rest_route=\/wp\/v2\/types\/page"}],"author":[{"embeddable":true,"href":"http:\/\/scensers.org\/index.php?rest_route=\/wp\/v2\/users\/1"}],"replies":[{"embeddable":true,"href":"http:\/\/scensers.org\/index.php?rest_route=%2Fwp%2Fv2%2Fcomments&post=194"}],"version-history":[{"count":6,"href":"http:\/\/scensers.org\/index.php?rest_route=\/wp\/v2\/pages\/194\/revisions"}],"predecessor-version":[{"id":215,"href":"http:\/\/scensers.org\/index.php?rest_route=\/wp\/v2\/pages\/194\/revisions\/215"}],"wp:attachment":[{"href":"http:\/\/scensers.org\/index.php?rest_route=%2Fwp%2Fv2%2Fmedia&parent=194"}],"curies":[{"name":"wp","href":"https:\/\/api.w.org\/{rel}","templated":true}]}}